{"id":508,"date":"2017-11-17T08:58:07","date_gmt":"2017-11-17T08:58:07","guid":{"rendered":"http:\/\/www2.walkinglugano.ch\/?page_id=508"},"modified":"2026-01-19T13:01:33","modified_gmt":"2026-01-19T13:01:33","slug":"bre-city-trail-2","status":"publish","type":"page","link":"https:\/\/www.walkinglugano.ch\/?page_id=508&lang=de","title":{"rendered":"BR\u00c8 CITY TRAIL"},"content":{"rendered":"\n<p><strong><em>Der einzige leistungsorientierte Parcours, der f\u00fcr alle L\u00e4ufer offen ist!<\/em><\/strong><\/p>\n\n\n\n<hr class=\"wp-block-separator has-alpha-channel-opacity\"\/>\n\n\n\n<p><strong>Im Laufschritt hinauf auf den Monte Br\u00e9<br><\/strong>Der \u201eBr\u00e8 City Trail\u201c ist ein Trail, der vom Stadtzentrum aus \u00fcber den Monte Br\u00e8 und zur\u00fcck nach Lugano f\u00fchrt. Die Strecke ist die gleiche wie die klassische \u201eChallenge\u201c Strecke (Walking und Nordic Walking), allerdings mit einem gro\u00dfen Unterschied: Es handelt sich um eine Wettkampfstrecke und es wird eine Rangliste mit einem Preis f\u00fcr die Schnellsten geben.<\/p>\n\n\n\n<p>Es ist ein Parcours, der allen passionierten L\u00e4uferInnen offen steht. Pr\u00e4zise Zeiterfassung von Datasport und Rangliste mit Preis f\u00fcr die schnellste Frau und den schnellsten Mann.<\/p>\n\n\n\n<p><strong>Streckenbeschreibung<\/strong><br>Die Strecke ist 18.1 km lang und steigt 700 m an. Der Start befindet sich im Stadtzentum von Lugano. Es geht dann auf der Strasse hinauf nach Cureggia und von dort nach Br\u00e8 auf einem Naturpfad. Anschliessend f\u00fchren ein Pfad und dann die Strasse bergab nach Aldesago, bevor man \u00fcber Castagnola und Cassarate nach Lugano zur\u00fcckkehrt.<\/p>\n\n\n\n<hr class=\"wp-block-separator has-alpha-channel-opacity\"\/>\n\n\n\n<p><strong>L\u00e4nge<\/strong><strong><br><\/strong>18.1 km<\/p>\n\n\n\n<p><strong>H\u00f6henunterschied (totaler Anstieg)<br><\/strong>700 m<strong>&nbsp;<\/strong><\/p>\n\n\n\n<hr class=\"wp-block-separator has-alpha-channel-opacity\"\/>\n\n\n\n<p><strong>Kategorie<br><\/strong>Running (leistungsorientiert)<\/p>\n\n\n\n<hr class=\"wp-block-separator has-alpha-channel-opacity\"\/>\n\n\n\n<p><strong>Startgeld und Aufpreis<\/strong><\/p>\n\n\n\n<ul class=\"wp-block-list\">\n<li><strong><a href=\"https:\/\/www.walkinglugano.ch\/?page_id=447&amp;lang=de\" target=\"_blank\" rel=\"noopener noreferrer\">mehr dazu<\/a><\/strong><\/li>\n<\/ul>\n\n\n\n<hr class=\"wp-block-separator has-alpha-channel-opacity\"\/>\n\n\n\n<p><strong>Start<\/strong><strong><br><\/strong>10:00 Uhr, Piazza Manzoni<\/p>\n\n\n\n<p><strong>&nbsp;<\/strong><\/p>\n\n\n\n<p><strong>Kontrollpunkt<\/strong><br>Beim Verpflegungsstand in Br\u00e8<\/p>\n\n\n\n<p><strong><br>Einlaufen der Ersten und Zeitlimit<\/strong><strong><br><\/strong>Die Schnellsten werden um 11.20 im Ziel erwartet. Es gibt kein Zeitlimit (der Kontrollpunkt in Br\u00e8 muss aber bis um 12.45 passiert werden).<\/p>\n\n\n\n<p><strong>Preise<\/strong><br>Die schnellste Frau und der schnellste Mann werden pr\u00e4miert.<\/p>\n\n\n\n<p><strong>Anmerkung f\u00fcr Minderj\u00e4hrige<\/strong><br>Jugendliche unter 18 Jahren ben\u00f6tigen eine schriftliche Erlaubnis ihrer Eltern oder des Erziehungsberechtigten.<\/p>\n\n\n\n<hr class=\"wp-block-separator has-alpha-channel-opacity\"\/>\n\n\n\n<p><b>Wie anmelden?<\/b><\/p>\n\n\n\n<ul class=\"wp-block-list\">\n<li><a href=\"http:\/\/www2.walkinglugano.ch\/?page_id=450&amp;lang=de\"><strong>mehr dazu<\/strong><\/a><\/li>\n<\/ul>\n\n\n\n<p><strong><br>Wettkampfpaket<\/strong><\/p>\n\n\n\n<ul class=\"wp-block-list\">\n<li><a href=\"http:\/\/www2.walkinglugano.ch\/?page_id=466&amp;lang=de\"><strong>mehr dazu<\/strong><\/a><\/li>\n<\/ul>\n\n\n\n<hr class=\"wp-block-separator has-alpha-channel-opacity\"\/>\n\n\n\n<p><strong>Streckenkarte<\/strong><\/p>\n\n\n\n<figure class=\"wp-block-image size-full\"><img loading=\"lazy\" decoding=\"async\" width=\"1024\" height=\"576\" src=\"https:\/\/www.walkinglugano.ch\/wp-content\/uploads\/2026\/01\/Bre-City-Trail-18.1km-1024x576-1.jpg\" alt=\"\" class=\"wp-image-4543\" srcset=\"https:\/\/www.walkinglugano.ch\/wp-content\/uploads\/2026\/01\/Bre-City-Trail-18.1km-1024x576-1.jpg 1024w, https:\/\/www.walkinglugano.ch\/wp-content\/uploads\/2026\/01\/Bre-City-Trail-18.1km-1024x576-1-300x169.jpg 300w, https:\/\/www.walkinglugano.ch\/wp-content\/uploads\/2026\/01\/Bre-City-Trail-18.1km-1024x576-1-768x432.jpg 768w, https:\/\/www.walkinglugano.ch\/wp-content\/uploads\/2026\/01\/Bre-City-Trail-18.1km-1024x576-1-520x293.jpg 520w, https:\/\/www.walkinglugano.ch\/wp-content\/uploads\/2026\/01\/Bre-City-Trail-18.1km-1024x576-1-740x416.jpg 740w\" sizes=\"auto, (max-width: 1024px) 100vw, 1024px\" \/><\/figure>\n","protected":false},"excerpt":{"rendered":"<p><a class=\"read-more\" href=\"https:\/\/www.walkinglugano.ch\/?page_id=508&#038;lang=de\">Info<\/a><\/p>\n","protected":false},"author":2,"featured_media":0,"parent":0,"menu_order":0,"comment_status":"closed","ping_status":"closed","template":"","meta":{"footnotes":""},"class_list":["post-508","page","type-page","status-publish","hentry"],"_links":{"self":[{"href":"https:\/\/www.walkinglugano.ch\/index.php?rest_route=\/wp\/v2\/pages\/508","targetHints":{"allow":["GET"]}}],"collection":[{"href":"https:\/\/www.walkinglugano.ch\/index.php?rest_route=\/wp\/v2\/pages"}],"about":[{"href":"https:\/\/www.walkinglugano.ch\/index.php?rest_route=\/wp\/v2\/types\/page"}],"author":[{"embeddable":true,"href":"https:\/\/www.walkinglugano.ch\/index.php?rest_route=\/wp\/v2\/users\/2"}],"replies":[{"embeddable":true,"href":"https:\/\/www.walkinglugano.ch\/index.php?rest_route=%2Fwp%2Fv2%2Fcomments&post=508"}],"version-history":[{"count":35,"href":"https:\/\/www.walkinglugano.ch\/index.php?rest_route=\/wp\/v2\/pages\/508\/revisions"}],"predecessor-version":[{"id":4545,"href":"https:\/\/www.walkinglugano.ch\/index.php?rest_route=\/wp\/v2\/pages\/508\/revisions\/4545"}],"wp:attachment":[{"href":"https:\/\/www.walkinglugano.ch\/index.php?rest_route=%2Fwp%2Fv2%2Fmedia&parent=508"}],"curies":[{"name":"wp","href":"https:\/\/api.w.org\/{rel}","templated":true}]}}