{"id":494,"date":"2017-11-17T08:49:02","date_gmt":"2017-11-17T08:49:02","guid":{"rendered":"http:\/\/www2.walkinglugano.ch\/?page_id=494"},"modified":"2026-01-19T12:56:06","modified_gmt":"2026-01-19T12:56:06","slug":"lake-and-walking-8-2-km-traduzione","status":"publish","type":"page","link":"https:\/\/www.walkinglugano.ch\/?page_id=494&lang=de","title":{"rendered":"Lake and Walking &#8211; 7 Km (mit Schifffahrt)"},"content":{"rendered":"\n<p><strong><em>&gt;&gt; Achtung: bei den Strecken \u201cLake &amp; Walking\u201d ist die Teilnehmerzahl beschr\u00e4nkt (Schiff)!<\/em><\/strong><\/p>\n\n\n\n<p><strong><br>\nEine sch\u00f6ne Schifffahrt nach Melide, um den Start der gleichnamigen Strecke zu erreichen.<\/strong><\/p>\n\n\n\n<hr class=\"wp-block-separator has-alpha-channel-opacity\"\/>\n\n\n\n<p><strong>Strecke<br><br><\/strong>Distanz 7 km | Mindest-\/H\u00f6chsth\u00f6he 271m\/314m<br> <strong><a href=\"https:\/\/map.schweizmobil.ch\/?lang=it&amp;bgLayer=pk&amp;season=summer&amp;resolution=8.43&amp;E=2717190&amp;N=1091563&amp;photos=yes&amp;logo=yes&amp;detours=yes&amp;trackId=5147585\" target=\"_blank\" rel=\"noopener\">Hier<\/a><\/strong> der Link zum Download der Strecke auf das Smartphone bald verf\u00fcgbar.<\/p>\n\n\n\n<p><strong><br>\nBeschaffenheit<\/strong><br>\nMit dem Schiff von Lugano nach Melide. Dann auf einer herrlichen Strecke, die vollst\u00e4ndig dem sch\u00f6nen Luganersee entlang auf der f\u00fcr den motorisierten Verkehr gesperrten Strasse der &#8220;Forca di San Martino&#8221; bis zur Piazza Riforma in Lugano f\u00fchrt.<\/p>\n\n\n\n<p><strong><br>\nKategorie<br>\n<\/strong>Walking und Nordic Walking (nicht leistungsorientiert)<strong>&nbsp;<\/strong><\/p>\n\n\n\n<hr class=\"wp-block-separator has-alpha-channel-opacity\"\/>\n\n\n\n<p><strong>Startgeld und Aufpreis<\/strong><strong><br>\n<\/strong><\/p>\n\n\n\n<ul class=\"wp-block-list\">\n<li><strong><a href=\"https:\/\/www.walkinglugano.ch\/?page_id=447&amp;lang=de\" target=\"_blank\" rel=\"noopener noreferrer\">mehr dazu<\/a><\/strong><\/li>\n<\/ul>\n\n\n\n<hr class=\"wp-block-separator has-alpha-channel-opacity\"\/>\n\n\n\n<p><b>Start (mit dem Schiff)<br>\n<\/b>9 h 40 (Abfahrt des Schiffs vom Ablegeplatz in Lugano (vis a vis Walking Village). Das Besteigen des Schiffs ist ab 9 h 30 vorgesehen).<br>\n<em>Nach der Ankunft in Melide geht es zu Fuss zum Startbereich der Walking- und Nordic Walking-Strecke (n\u00e4he Bahnhof SBB Melide).<br>\nStartzeit in Melide: um 10h 45 (zusammen mit den Walkers der Strecke Melide).<\/em><\/p>\n\n\n\n<p><strong><br>\nMittlere Laufzeit (Gehzeit Melide \u2013 Lugano)<br>\n<\/strong>1h 20 Min (max. Gehzeit: 2h*)<br>\n<em>*<strong>Bitte beachten Sie<\/strong>: Um einen reibungslosen Ablauf der Veranstaltung zu gew\u00e4hrleisten, gibt es eine zeitliche Begrenzung. Bei \u00dcberschreitung des Zeitlimits kann der Veranstalter nicht f\u00fcr die Verpflegung und Beschilderung entlang der Strecke garantieren.<\/em><\/p>\n\n\n\n<hr class=\"wp-block-separator has-alpha-channel-opacity\"\/>\n\n\n\n<p><b>Wie anmelden?<\/b><\/p>\n\n\n\n<ul class=\"wp-block-list\">\n<li><a href=\"http:\/\/www2.walkinglugano.ch\/?page_id=450&amp;lang=de\"><strong>mehr dazu<\/strong><\/a><\/li>\n<\/ul>\n\n\n\n<p><strong><br>\nWettkampfpaket<\/strong><\/p>\n\n\n\n<ul class=\"wp-block-list\">\n<li><strong><a href=\"http:\/\/www2.walkinglugano.ch\/?page_id=466&amp;lang=de\">mehr dazu<\/a><\/strong><\/li>\n<\/ul>\n\n\n\n<hr class=\"wp-block-separator has-alpha-channel-opacity\"\/>\n\n\n\n<p><strong>Streckenkarte<\/strong><\/p>\n\n\n<div class=\"wp-block-image\">\n<figure class=\"alignleft size-large\"><img loading=\"lazy\" decoding=\"async\" width=\"1024\" height=\"576\" src=\"https:\/\/www.walkinglugano.ch\/wp-content\/uploads\/2026\/01\/LW-Melide-7km-1024x576.jpg\" alt=\"\" class=\"wp-image-4533\" srcset=\"https:\/\/www.walkinglugano.ch\/wp-content\/uploads\/2026\/01\/LW-Melide-7km-1024x576.jpg 1024w, https:\/\/www.walkinglugano.ch\/wp-content\/uploads\/2026\/01\/LW-Melide-7km-300x169.jpg 300w, https:\/\/www.walkinglugano.ch\/wp-content\/uploads\/2026\/01\/LW-Melide-7km-768x432.jpg 768w, https:\/\/www.walkinglugano.ch\/wp-content\/uploads\/2026\/01\/LW-Melide-7km-520x292.jpg 520w, https:\/\/www.walkinglugano.ch\/wp-content\/uploads\/2026\/01\/LW-Melide-7km-740x416.jpg 740w, https:\/\/www.walkinglugano.ch\/wp-content\/uploads\/2026\/01\/LW-Melide-7km.jpg 1366w\" sizes=\"auto, (max-width: 1024px) 100vw, 1024px\" \/><\/figure><\/div>\n\n\n<p><\/p>\n","protected":false},"excerpt":{"rendered":"<p><a class=\"read-more\" href=\"https:\/\/www.walkinglugano.ch\/?page_id=494&#038;lang=de\">Info<\/a><\/p>\n","protected":false},"author":2,"featured_media":0,"parent":476,"menu_order":0,"comment_status":"closed","ping_status":"closed","template":"","meta":{"footnotes":""},"class_list":["post-494","page","type-page","status-publish","hentry"],"_links":{"self":[{"href":"https:\/\/www.walkinglugano.ch\/index.php?rest_route=\/wp\/v2\/pages\/494","targetHints":{"allow":["GET"]}}],"collection":[{"href":"https:\/\/www.walkinglugano.ch\/index.php?rest_route=\/wp\/v2\/pages"}],"about":[{"href":"https:\/\/www.walkinglugano.ch\/index.php?rest_route=\/wp\/v2\/types\/page"}],"author":[{"embeddable":true,"href":"https:\/\/www.walkinglugano.ch\/index.php?rest_route=\/wp\/v2\/users\/2"}],"replies":[{"embeddable":true,"href":"https:\/\/www.walkinglugano.ch\/index.php?rest_route=%2Fwp%2Fv2%2Fcomments&post=494"}],"version-history":[{"count":36,"href":"https:\/\/www.walkinglugano.ch\/index.php?rest_route=\/wp\/v2\/pages\/494\/revisions"}],"predecessor-version":[{"id":4534,"href":"https:\/\/www.walkinglugano.ch\/index.php?rest_route=\/wp\/v2\/pages\/494\/revisions\/4534"}],"up":[{"embeddable":true,"href":"https:\/\/www.walkinglugano.ch\/index.php?rest_route=\/wp\/v2\/pages\/476"}],"wp:attachment":[{"href":"https:\/\/www.walkinglugano.ch\/index.php?rest_route=%2Fwp%2Fv2%2Fmedia&parent=494"}],"curies":[{"name":"wp","href":"https:\/\/api.w.org\/{rel}","templated":true}]}}