{"id":492,"date":"2017-11-17T08:44:33","date_gmt":"2017-11-17T08:44:33","guid":{"rendered":"http:\/\/www2.walkinglugano.ch\/?page_id=492"},"modified":"2026-01-19T12:55:17","modified_gmt":"2026-01-19T12:55:17","slug":"challenge-18-7-km","status":"publish","type":"page","link":"https:\/\/www.walkinglugano.ch\/?page_id=492&lang=de","title":{"rendered":"Challenge &#8211; 18.1 km"},"content":{"rendered":"\n<p><strong>Die Herausforderung f\u00fcr trainierte Wanderer mit Aufstieg auf Br\u00e8<\/strong><\/p>\n\n\n\n<hr class=\"wp-block-separator has-alpha-channel-opacity\"\/>\n\n\n\n<p><strong>Strecke<br>\n<\/strong>Distanz 18.1 km | Mindest-\/H\u00f6chsth\u00f6he 272m\/798m<br>\n<strong><a href=\"https:\/\/map.schweizmobil.ch\/?lang=it&amp;bgLayer=pk&amp;season=summer&amp;resolution=3.98&amp;E=2719000&amp;N=1096795&amp;photos=yes&amp;logo=yes&amp;detours=yes&amp;trackId=3983671\" target=\"_blank\" rel=\"noopener\">Hier<\/a><\/strong> der Link zum Download der Strecke auf das Smartphone bald verf\u00fcgbar.<\/p>\n\n\n\n<p><strong><br>\nBeschaffenheit<\/strong><br>\nDer 18.1 km lange Parcours steigt auf der Strasse bis nach Cureggia an und f\u00fchrt dann auf einem Gehweg bis nach Br\u00e8. Der H\u00f6henunterschied betr\u00e4gt ca. 500 Meter! Danach folgt der Abstieg auf Weg und Strasse bis nach Aldesago und weiter nach Albonago, wo sich die Strecke mit den anderen Strecken vereint und in die Stadt zur\u00fcckf\u00fchrt.<\/p>\n\n\n\n<p><strong><br>\nKategorie<br>\n<\/strong>Walking und Nordic Walking (nicht leistungsorientiert)<strong>&nbsp;<\/strong><\/p>\n\n\n\n<hr class=\"wp-block-separator has-alpha-channel-opacity\"\/>\n\n\n\n<p><strong>Startgeld und Aufpreis<\/strong><strong><br>\n<\/strong><\/p>\n\n\n\n<ul class=\"wp-block-list\">\n<li><a href=\"https:\/\/www.walkinglugano.ch\/?page_id=447&amp;lang=de\" target=\"_blank\" rel=\"noopener noreferrer\">Mehr dazu<\/a><\/li>\n<\/ul>\n\n\n\n<hr class=\"wp-block-separator has-alpha-channel-opacity\"\/>\n\n\n\n<p><strong>Start<\/strong><strong><br>\n<\/strong>10:10 Uhr, Piazza Manzoni<\/p>\n\n\n\n<p><strong><br>\nMittlere Laufzeit<br>\n<\/strong>3 h 10 min (max. Gehzeit: 4h, Durchlauf in Br\u00e9 bis 12:45 Uhr*)<br>\n<em>*<strong>Bitte beachten Sie<\/strong>: Um einen reibungslosen Ablauf der Veranstaltung zu gew\u00e4hrleisten, gibt es eine zeitliche Begrenzung. Bei \u00dcberschreitung des Zeitlimits kann der Veranstalter nicht f\u00fcr die Verpflegung und Beschilderung entlang der Strecke garantieren.<\/em><\/p>\n\n\n\n<hr class=\"wp-block-separator has-alpha-channel-opacity\"\/>\n\n\n\n<p><b>Wie melde ich mich an?<\/b><\/p>\n\n\n\n<ul class=\"wp-block-list\">\n<li><a href=\"http:\/\/www2.walkinglugano.ch\/?page_id=450&amp;lang=de\"><strong>mehr dazu<\/strong><\/a><\/li>\n<\/ul>\n\n\n\n<p><strong><br>\nWettkampfpaket<\/strong><\/p>\n\n\n\n<ul class=\"wp-block-list\">\n<li><a href=\"http:\/\/www2.walkinglugano.ch\/?page_id=466&amp;lang=de\"><strong>mehr dazu<\/strong><\/a><\/li>\n<\/ul>\n\n\n\n<hr class=\"wp-block-separator has-alpha-channel-opacity\"\/>\n\n\n\n<p><strong>Streckenkarte<\/strong><\/p>\n\n\n<div class=\"wp-block-image\">\n<figure class=\"alignleft size-large\"><img loading=\"lazy\" decoding=\"async\" width=\"1024\" height=\"576\" src=\"https:\/\/www.walkinglugano.ch\/wp-content\/uploads\/2026\/01\/Challenge-18.1km-1024x576.jpg\" alt=\"\" class=\"wp-image-4530\" srcset=\"https:\/\/www.walkinglugano.ch\/wp-content\/uploads\/2026\/01\/Challenge-18.1km-1024x576.jpg 1024w, https:\/\/www.walkinglugano.ch\/wp-content\/uploads\/2026\/01\/Challenge-18.1km-300x169.jpg 300w, https:\/\/www.walkinglugano.ch\/wp-content\/uploads\/2026\/01\/Challenge-18.1km-768x432.jpg 768w, https:\/\/www.walkinglugano.ch\/wp-content\/uploads\/2026\/01\/Challenge-18.1km-520x292.jpg 520w, https:\/\/www.walkinglugano.ch\/wp-content\/uploads\/2026\/01\/Challenge-18.1km-740x416.jpg 740w, https:\/\/www.walkinglugano.ch\/wp-content\/uploads\/2026\/01\/Challenge-18.1km.jpg 1366w\" sizes=\"auto, (max-width: 1024px) 100vw, 1024px\" \/><\/figure><\/div>\n\n\n<p><\/p>\n","protected":false},"excerpt":{"rendered":"<p><a class=\"read-more\" href=\"https:\/\/www.walkinglugano.ch\/?page_id=492&#038;lang=de\">Info<\/a><\/p>\n","protected":false},"author":2,"featured_media":0,"parent":476,"menu_order":0,"comment_status":"closed","ping_status":"closed","template":"","meta":{"footnotes":""},"class_list":["post-492","page","type-page","status-publish","hentry"],"_links":{"self":[{"href":"https:\/\/www.walkinglugano.ch\/index.php?rest_route=\/wp\/v2\/pages\/492","targetHints":{"allow":["GET"]}}],"collection":[{"href":"https:\/\/www.walkinglugano.ch\/index.php?rest_route=\/wp\/v2\/pages"}],"about":[{"href":"https:\/\/www.walkinglugano.ch\/index.php?rest_route=\/wp\/v2\/types\/page"}],"author":[{"embeddable":true,"href":"https:\/\/www.walkinglugano.ch\/index.php?rest_route=\/wp\/v2\/users\/2"}],"replies":[{"embeddable":true,"href":"https:\/\/www.walkinglugano.ch\/index.php?rest_route=%2Fwp%2Fv2%2Fcomments&post=492"}],"version-history":[{"count":30,"href":"https:\/\/www.walkinglugano.ch\/index.php?rest_route=\/wp\/v2\/pages\/492\/revisions"}],"predecessor-version":[{"id":4532,"href":"https:\/\/www.walkinglugano.ch\/index.php?rest_route=\/wp\/v2\/pages\/492\/revisions\/4532"}],"up":[{"embeddable":true,"href":"https:\/\/www.walkinglugano.ch\/index.php?rest_route=\/wp\/v2\/pages\/476"}],"wp:attachment":[{"href":"https:\/\/www.walkinglugano.ch\/index.php?rest_route=%2Fwp%2Fv2%2Fmedia&parent=492"}],"curies":[{"name":"wp","href":"https:\/\/api.w.org\/{rel}","templated":true}]}}