{"id":490,"date":"2017-11-17T08:42:21","date_gmt":"2017-11-17T08:42:21","guid":{"rendered":"http:\/\/www2.walkinglugano.ch\/?page_id=490"},"modified":"2026-02-05T12:40:04","modified_gmt":"2026-02-05T12:40:04","slug":"agno-14-9-km-start-in-agno","status":"publish","type":"page","link":"https:\/\/www.walkinglugano.ch\/?page_id=490&lang=de","title":{"rendered":"Agno &#8211; 12.5 Km (Start in Agno)"},"content":{"rendered":"\n<p><strong>Eine wundersch\u00f6ne, abwechslungsreiche Strecke von mittlerem Schwierigkeitsgrad. Entdecken Sie die Sch\u00f6nheiten dieser Region zwischen Malcantone und Lugano.<\/strong><\/p>\n\n\n\n<hr class=\"wp-block-separator has-alpha-channel-opacity\"\/>\n\n\n\n<p><strong>Strecke<br><br><\/strong>Distanz 12.5 Km | Mindest-\/H\u00f6chsth\u00f6he 271m\/475m<br> <strong><a href=\"https:\/\/map.schweizmobil.ch\/?lang=it&amp;bgLayer=pk&amp;season=summer&amp;resolution=4.5&amp;E=2715409&amp;N=1094718&amp;photos=yes&amp;logo=yes&amp;detours=yes&amp;trackId=4994318\" target=\"_blank\" rel=\"noopener\">Hier<\/a><\/strong> der Link zum Download der Strecke auf das Smartphone bald verf\u00fcgbar.<\/p>\n\n\n\n<p><strong><br>\nBeschaffenheit<\/strong><br>\nEin mittellanger Parcours mit Start in Agno, der durch die Ortschaften Muzzano, Montagnola und Sorengo nach Lugano f\u00fchrt. Es gibt viel zu entdecken auf dieser wundersch\u00f6nen Strecke: H\u00fcgel, W\u00e4lder, typische D\u00f6rfer und Seen.<\/p>\n\n\n\n<p><strong><br>\nKategorie<br>\n<\/strong>Walking und Nordic Walking (nicht leistungsorientiert)<strong>&nbsp;<\/strong><\/p>\n\n\n\n<hr class=\"wp-block-separator has-alpha-channel-opacity\"\/>\n\n\n\n<p><strong>Startgeld und Aufpreis<\/strong><\/p>\n\n\n\n<ul class=\"wp-block-list\">\n<li><a href=\"https:\/\/www.walkinglugano.ch\/?page_id=447&amp;lang=de\" target=\"_blank\" rel=\"noopener noreferrer\">Mehr dazu<\/a><\/li>\n<\/ul>\n\n\n\n<hr class=\"wp-block-separator has-alpha-channel-opacity\"\/>\n\n\n\n<p><strong>Start<\/strong><strong><br>\n<\/strong>10 h 30, Agno (Parco al Lago)<\/p>\n\n\n\n<p>Bitte beachten Sie, dass in Agno nur gestartet wird. Anmeldungen vor Ort, Abholen der Startnummer und des Wettkampfpakets sind in Agno nicht m\u00f6glich, sondern nur in Lugano.<\/p>\n\n\n\n<p><strong><br>\nTransport zum Start mit den \u00f6ffentlichen Verkehrsmitteln im Startgeld inbegriffen<\/strong><strong><br>\n<\/strong>Die Strecke f\u00fchrt von Agno nach Lugano. Um den Start in Agno zu erreichen, raten wir, die \u00f6ffentlichen Verkehrsmittel des Tarifverbundes Arcobaleno und in diesem Fall die Bahn <strong>S60<\/strong> (Lugano-Ponte Tresa) zu ben\u00fctzen (die Anmeldung beinhaltet eine Tageskarte Arcobaleno, 2. Klasse, alle Zonen, g\u00fcltig am Veranstaltungstag).&nbsp;<span id=\"result_box\" lang=\"de\"><br>\n<em>Am Bahnhof Agno folgen Sie der Beschilderung (ca. 400 m).<\/em><\/span><\/p>\n\n\n\n<p><strong><br>\nWie den Start erreichen<\/strong><br>\n<span id=\"result_box\" lang=\"de\">Wir empfehlen Ihnen, zum Startort in Agno mit der Bahn S60 Lugano &#8211; Ponte Tresa zu fahren (Ticket in die Startnummer eingef\u00fcgt).<\/span><br>\nInformationen zu den Fahrpl\u00e4ne der Bahn und anderer \u00f6ffentlicher Verkehrsmittel:&nbsp;<a href=\"http:\/\/www.arcobaleno.ch\">www.arcobaleno.ch <\/a><\/p>\n\n\n\n<p><strong><br>\nMittlere Laufzeit<br>\n<\/strong>2 h 30 Min (max. Gehzeit: 3h 30 min*)<br>\n<em>*<strong>Bitte beachten Sie<\/strong>: Um einen reibungslosen Ablauf der Veranstaltung zu gew\u00e4hrleisten, gibt es eine zeitliche Begrenzung. Bei \u00dcberschreitung des Zeitlimits kann der Veranstalter nicht f\u00fcr die Verpflegung und Beschilderung entlang der Strecke garantieren.<\/em><\/p>\n\n\n\n<hr class=\"wp-block-separator has-alpha-channel-opacity\"\/>\n\n\n\n<p><b>Wie anmelden?<\/b><\/p>\n\n\n\n<ul class=\"wp-block-list\">\n<li><a href=\"http:\/\/www2.walkinglugano.ch\/?page_id=450&amp;lang=de\"><strong>mehr dazu<\/strong><\/a><\/li>\n<\/ul>\n\n\n\n<p><strong><br>\nWettkampfpaket in Lugano<\/strong><\/p>\n\n\n\n<ul class=\"wp-block-list\">\n<li><strong><a href=\"http:\/\/www2.walkinglugano.ch\/?page_id=466&amp;lang=de\">mehr dazu<\/a><\/strong><\/li>\n<\/ul>\n\n\n\n<hr class=\"wp-block-separator has-alpha-channel-opacity\"\/>\n\n\n\n<p><strong>Streckenkarte<\/strong><\/p>\n\n\n<div class=\"wp-block-image\">\n<figure class=\"alignleft size-large\"><img loading=\"lazy\" decoding=\"async\" width=\"1024\" height=\"576\" src=\"https:\/\/www.walkinglugano.ch\/wp-content\/uploads\/2026\/02\/Agno-12.5km-1024x576.jpg\" alt=\"\" class=\"wp-image-4572\" srcset=\"https:\/\/www.walkinglugano.ch\/wp-content\/uploads\/2026\/02\/Agno-12.5km-1024x576.jpg 1024w, https:\/\/www.walkinglugano.ch\/wp-content\/uploads\/2026\/02\/Agno-12.5km-300x169.jpg 300w, https:\/\/www.walkinglugano.ch\/wp-content\/uploads\/2026\/02\/Agno-12.5km-768x432.jpg 768w, https:\/\/www.walkinglugano.ch\/wp-content\/uploads\/2026\/02\/Agno-12.5km-520x292.jpg 520w, https:\/\/www.walkinglugano.ch\/wp-content\/uploads\/2026\/02\/Agno-12.5km-740x416.jpg 740w, https:\/\/www.walkinglugano.ch\/wp-content\/uploads\/2026\/02\/Agno-12.5km.jpg 1366w\" sizes=\"auto, (max-width: 1024px) 100vw, 1024px\" \/><\/figure><\/div>\n\n\n<p><\/p>\n","protected":false},"excerpt":{"rendered":"<p><a class=\"read-more\" href=\"https:\/\/www.walkinglugano.ch\/?page_id=490&#038;lang=de\">Info<\/a><\/p>\n","protected":false},"author":2,"featured_media":0,"parent":476,"menu_order":0,"comment_status":"closed","ping_status":"closed","template":"","meta":{"footnotes":""},"class_list":["post-490","page","type-page","status-publish","hentry"],"_links":{"self":[{"href":"https:\/\/www.walkinglugano.ch\/index.php?rest_route=\/wp\/v2\/pages\/490","targetHints":{"allow":["GET"]}}],"collection":[{"href":"https:\/\/www.walkinglugano.ch\/index.php?rest_route=\/wp\/v2\/pages"}],"about":[{"href":"https:\/\/www.walkinglugano.ch\/index.php?rest_route=\/wp\/v2\/types\/page"}],"author":[{"embeddable":true,"href":"https:\/\/www.walkinglugano.ch\/index.php?rest_route=\/wp\/v2\/users\/2"}],"replies":[{"embeddable":true,"href":"https:\/\/www.walkinglugano.ch\/index.php?rest_route=%2Fwp%2Fv2%2Fcomments&post=490"}],"version-history":[{"count":45,"href":"https:\/\/www.walkinglugano.ch\/index.php?rest_route=\/wp\/v2\/pages\/490\/revisions"}],"predecessor-version":[{"id":4573,"href":"https:\/\/www.walkinglugano.ch\/index.php?rest_route=\/wp\/v2\/pages\/490\/revisions\/4573"}],"up":[{"embeddable":true,"href":"https:\/\/www.walkinglugano.ch\/index.php?rest_route=\/wp\/v2\/pages\/476"}],"wp:attachment":[{"href":"https:\/\/www.walkinglugano.ch\/index.php?rest_route=%2Fwp%2Fv2%2Fmedia&parent=490"}],"curies":[{"name":"wp","href":"https:\/\/api.w.org\/{rel}","templated":true}]}}