{"id":456,"date":"2017-11-17T08:15:56","date_gmt":"2017-11-17T08:15:56","guid":{"rendered":"http:\/\/www2.walkinglugano.ch\/?page_id=456"},"modified":"2026-01-19T13:40:14","modified_gmt":"2026-01-19T13:40:14","slug":"startgeld-und-reglement","status":"publish","type":"page","link":"https:\/\/www.walkinglugano.ch\/?page_id=456&lang=de","title":{"rendered":"Startgeld und Reglement"},"content":{"rendered":"\n<p><em><b>Letzte Aktualisierung<\/b><\/em>:<em><strong> <\/strong><\/em><strong>19.01.2026<\/strong><\/p>\n\n\n\n<p><strong>Datum und Ort des Anlasses<\/strong><strong><br><\/strong>Sonntag, 29. M\u00e4rz 2026<br>Village und Ziel: Piazza Riforma\/Manzoni, Lugano<\/p>\n\n\n\n<p><strong>Startbereich<br><\/strong>Piazza Riforma \/ Manzoni, Lugano<br>Externe Starts der Strecken Melide (beim SBB Bahnhof in Melide) und Agno (Park am See von Agno)<\/p>\n\n\n\n<hr class=\"wp-block-separator has-alpha-channel-opacity\"\/>\n\n\n\n<h4 class=\"wp-block-heading\"><strong>ANMELDUNGEN<\/strong><\/h4>\n\n\n\n<ul class=\"wp-block-list\">\n<li><a href=\"https:\/\/www.walkinglugano.ch\/?page_id=450&amp;lang=de\" target=\"_blank\" rel=\"noopener\"><strong>Mehr dazu<\/strong><\/a><\/li>\n<\/ul>\n\n\n\n<p><strong><br>Verhinderte Teilnahme<\/strong><br>Keine R\u00fcckerstattung des Startgeldes. Bei der Online-Anmeldung gibt die M\u00f6glichkeit, eine Annullationsversicherung abzuschliessen, g\u00fcltig bei Unfall oder Krankheit (Information: <a href=\"https:\/\/www.datasport.com\/de\/fuer-sportler\/faq\/\">www.datasport.ch<\/a>). Dies ist keine Leistung von Walking Lugano.<\/p>\n\n\n\n<p><strong><br>Annullierung des Events aufgrund von Ereignissen von h\u00f6herer Gewalt<\/strong><br>In diesem Fall bleibt die Anmeldung g\u00fcltig und wird auf die folgende Ausgabe \u00fcbertragen. Es ist keine R\u00fcckerstattung des bereits eingezahlten Startgeldes vorgesehen.<\/p>\n\n\n\n<p><strong><br>Genehmigung f\u00fcr Minderj\u00e4hrige unter 18 Jahren<\/strong><strong><br><\/strong>Wettkampfstrecke Br\u00e8 City Trail: Jugendliche unter 18 Jahren ben\u00f6tigen eine schriftliche Genehmigung der Eltern oder des Erziehungsberechtigten.<\/p>\n\n\n\n<p><strong><br>Anmeldefristen<\/strong><\/p>\n\n\n\n<ul class=\"wp-block-list\">\n<li><strong><a href=\"https:\/\/www.walkinglugano.ch\/?page_id=447&amp;lang=de\" target=\"_blank\" rel=\"noopener\">Mehr dazu<\/a><\/strong><\/li>\n<\/ul>\n\n\n\n<hr class=\"wp-block-separator has-alpha-channel-opacity\"\/>\n\n\n\n<h4 class=\"wp-block-heading\"><strong>STARTGELD UND WETTKAMPFPAKET<\/strong><\/h4>\n\n\n\n<p><strong>Startgeld<\/strong><\/p>\n\n\n\n<ul class=\"wp-block-list\">\n<li><strong><a href=\"https:\/\/www.walkinglugano.ch\/?page_id=447&amp;lang=de\" target=\"_blank\" rel=\"noopener\">Mehr dazu<\/a><\/strong><\/li>\n<\/ul>\n\n\n\n<p><strong><br>Aufpreis<\/strong><\/p>\n\n\n\n<ul class=\"wp-block-list\">\n<li><strong><a href=\"https:\/\/www.walkinglugano.ch\/?page_id=447&amp;lang=de\" target=\"_blank\" rel=\"noopener\">Mehr dazu<\/a><\/strong><\/li>\n<\/ul>\n\n\n\n<p><strong><br>Bei der Anmeldung inbegriffen<\/strong><\/p>\n\n\n\n<ul class=\"wp-block-list\">\n<li><strong><a href=\"https:\/\/www.walkinglugano.ch\/?page_id=466&amp;lang=de\" target=\"_blank\" rel=\"noopener\">Wettkampfpaket<\/a><\/strong><\/li>\n<\/ul>\n\n\n\n<hr class=\"wp-block-separator has-alpha-channel-opacity\"\/>\n\n\n\n<h4 class=\"wp-block-heading\"><strong>STARTNUMMER<\/strong><\/h4>\n\n\n\n<p>Ab diesem Jahr m\u00fcssen <strong>alle Startnummern vor Ort abgeholt werden<\/strong> (Piazza Manzoni \u2013 Lugano, Samstag, 28. M\u00e4rz, von 15.00 bis 17.00 Uhr oder Sonntag, 29. M\u00e4rz, ab 9.00 Uhr), mit Ausnahme der Strecken Agno und Melide (Versand der Startnummern nach Hause f\u00fcr alle Anmeldungen bis zum 12. M\u00e4rz. Wer sich nach diesem Termin angemeldet hat, muss seine Startnummer vor Ort zu den oben angegebenen Zeiten und am oben angegebenen Ort abholen).<\/p>\n\n\n\n<hr class=\"wp-block-separator has-alpha-channel-opacity\"\/>\n\n\n\n<h4 class=\"wp-block-heading\"><strong>STRECKEN<\/strong><\/h4>\n\n\n\n<p><strong>Walking und Nordic Walking<\/strong><\/p>\n\n\n\n<ul class=\"wp-block-list\">\n<li><a href=\"https:\/\/www.walkinglugano.ch\/?page_id=476&amp;lang=de\" target=\"_blank\" rel=\"noopener\"><strong>Mehr dazu<\/strong><\/a><\/li>\n<\/ul>\n\n\n\n<p><strong><br>Br\u00e8 City Trail (running \/ leistungsorientiert)<\/strong><strong><br><\/strong>Br\u00e8 City Trail (18.1 km lang, 700 m Anstieg): der Parcours entspricht der Strecke Challenge (s. Walking und Nordic Walking-Strecken). Start und Ziel befinden sich auf der Piazza Riforma \/ Manzoni im Zentrum von Lugano. Von Lugano erreicht man Cureggia auf einer asphaltierten Strasse und von dort Br\u00e8 auf einem Naturpfad. Anschliessend f\u00fchren ein Pfad und dann die Strasse bergab nach Aldesago, bevor es \u00fcber Castagnola und Cassarate zur\u00fcck nach Lugano geht.<\/p>\n\n\n\n<p>Wettkampftrail: offen f\u00fcr M\u00e4nner und Frauen, die am Veranstaltungstag bereits 18 Jahre alt sind. Jugendliche unter 18 ben\u00f6tigen eine Genehmigung der Eltern oder des Erziehungsberechtigten.<\/p>\n\n\n\n<p>Kontrollpunkt: beim Verpflegungsstand von Br\u00e8 wird es einen Kontrollpunkt geben. Teilnehmende am Trail, die diesen Kontrollpunkt nicht passieren, werden disqualifiziert.<\/p>\n\n\n\n<hr class=\"wp-block-separator has-alpha-channel-opacity\"\/>\n\n\n\n<h4 class=\"wp-block-heading\"><strong>STARTZEITEN&nbsp;<\/strong><strong>UND MITTLERE GEHZEITEN<\/strong><\/h4>\n\n\n\n<p><strong>Startzeiten<\/strong><\/p>\n\n\n\n<ul class=\"wp-block-list\">\n<li><strong><a href=\"https:\/\/www.walkinglugano.ch\/?page_id=512&amp;lang=de\" target=\"_blank\" rel=\"noopener\">Mehr dazu<\/a><\/strong><\/li>\n<\/ul>\n\n\n\n<p><strong>&nbsp;<br><\/strong><strong>Mittlere (und max.) Gehzeiten Strecken Walking und Nordic Walking<\/strong><\/p>\n\n\n\n<ul class=\"wp-block-list\">\n<li>Relax \u2013 1h 10 min (max. Gehzeit: 1h 45 min*)<\/li>\n\n\n\n<li>Melide \u2013 1h 20 min (max. Gehzeit: 2h*)<\/li>\n\n\n\n<li>Panorama \u2013 1 h 40 min (max. Gehzeit: 2h 45 min*)<\/li>\n\n\n\n<li>Agno \u2013 2h 30 min (max. Gehzeit: 3h 30 min*)<\/li>\n\n\n\n<li>Challenge \u2013 3h 10 min (max. Gehzeit: 4h, Durchlauf in Br\u00e9 bis 12:45 Uhr*)<\/li>\n\n\n\n<li>Lake and Walking &#8211; s. Melide<\/li>\n<\/ul>\n\n\n\n<p><em>*<strong>Zu beachten<\/strong>: Um einen reibungslosen Ablauf der Veranstaltung zu gew\u00e4hrleisten, gibt es eine zeitliche Begrenzung. Bei \u00dcberschreitung des Zeitlimits kann der Veranstalter nicht f\u00fcr die Verpflegung und Beschilderung entlang der Strecke garantieren.<\/em><\/p>\n\n\n\n<p><strong><br>Laufzeiten<br><\/strong>Die Laufzeiten sind am Ende der Veranstaltung auf <a href=\"http:\/\/www.walkinglugano.ch\">www.walkinglugano.ch<\/a> oder <a href=\"http:\/\/www.datasport.ch\">www.datasport.ch<\/a> ersichtlich.<\/p>\n\n\n\n<hr class=\"wp-block-separator has-alpha-channel-opacity\"\/>\n\n\n\n<h4 class=\"wp-block-heading\"><b>ANDERES<\/b><\/h4>\n\n\n\n<p><strong>Preise<br><\/strong>Beim Br\u00e8 City Trail werden jeweils die erste Frau und der erste Mann pr\u00e4miert.<br>Die \u00dcbergabe der Preise erfolgt vor Ort an die anwesenden Gewinner (keine Zusendung per Post bei Abwesenheit bei der Siegerehrung). Die Kategorien Walking und Nordic Walking sind nicht leistungsorientiert und deshalb ist kein Preis vorgesehen.<\/p>\n\n\n\n<p><strong>&nbsp;<\/strong><\/p>\n\n\n\n<p><strong>Taschenaufbewahrung \/ Umkleider\u00e4ume<br><\/strong>Auf der Piazza Manzoni (Lugano) wird ein Zelt f\u00fcr die Taschenaufbewahrung (unbeaufsichtigt) aufgebaut.<br>Umkleider\u00e4ume mit Duschen stehen nicht zur Verf\u00fcgung.<\/p>\n\n\n\n<p><strong><br>Verpflegung<\/strong><br>Es sind Verpflegungsposten entlang der Strecken und am Ziel vorgesehen.<\/p>\n\n\n\n<p><strong><br>Zeitmessung<\/strong><br>Mittels eines in die Startnummer integrierten Chip von Datasport.<\/p>\n\n\n\n<p><strong><br>Sanit\u00e4tsdienst<\/strong><br>Auf den Strecken und am Start\/Ziel.<\/p>\n\n\n\n<p><strong><br>Versicherung<\/strong><br>Die Versicherung geht zulasten der Teilnehmenden. Die Veranstalter lehnen jegliche Haftung bei Unf\u00e4llen, Schadensf\u00e4llen und Diebstahl ab.<\/p>\n\n\n\n<p><strong><br>Verwendung der pers\u00f6nlichen Daten<\/strong><br>Der Veranstalter beh\u00e4lt sich das Recht vor,&nbsp;sofern Sie sich nicht schriftlich dagegen aussprechen, die im Verlauf der Veranstaltung gemachten Fotos im Internet zu ver\u00f6ffentlichen und die bei der Anmeldung gelieferten pers\u00f6nlichen Daten f\u00fcr Marketingzwecke (eigene und der Partner des Events) zu verwenden.<\/p>\n\n\n\n<p><strong><br>Verordnung<\/strong><br>Es ist verboten, entlang der Walking- und Nordic Walking-Strecken zu rennen. Die Veranstaltung ist kein Leistungswettbewerb. Das eigene Wohlbefinden und das der anderen Teilnehmer steht an erster Stelle. Der Organisator beh\u00e4lt sich das Recht vor, Zuwiderhandelnde von der Finisherliste zu streichen.<\/p>\n\n\n\n<p><strong><br>Absperrung f\u00fcr den Verkehr<\/strong><strong><br><\/strong>Die Walking- und Nordic Walking-Strecken Strecken sowie der \u201eBr\u00e8 City Trail\u201c sind nur teilweise f\u00fcr den Verkehr gesperrt. Die Organisatoren und die Polizei bitten die Teilnehmenden, sich auf den Gehsteigen oder, wenn nicht vorhanden, auf der rechten Strassenseite fortzubewegen. Die Teilnehmenden sind in jedem Fall aufgefordert, den Art. 49 des Strassenverkehrsgesetzes f\u00fcr Fussg\u00e4nger zu befolgen. Die Organisatoren lehnen jede Verantwortung bei dessen Uebertretung ab.<\/p>\n\n\n\n<p><\/p>\n","protected":false},"excerpt":{"rendered":"<p><a class=\"read-more\" href=\"https:\/\/www.walkinglugano.ch\/?page_id=456&#038;lang=de\">Info<\/a><\/p>\n","protected":false},"author":2,"featured_media":0,"parent":447,"menu_order":2,"comment_status":"closed","ping_status":"closed","template":"","meta":{"footnotes":""},"class_list":["post-456","page","type-page","status-publish","hentry"],"_links":{"self":[{"href":"https:\/\/www.walkinglugano.ch\/index.php?rest_route=\/wp\/v2\/pages\/456","targetHints":{"allow":["GET"]}}],"collection":[{"href":"https:\/\/www.walkinglugano.ch\/index.php?rest_route=\/wp\/v2\/pages"}],"about":[{"href":"https:\/\/www.walkinglugano.ch\/index.php?rest_route=\/wp\/v2\/types\/page"}],"author":[{"embeddable":true,"href":"https:\/\/www.walkinglugano.ch\/index.php?rest_route=\/wp\/v2\/users\/2"}],"replies":[{"embeddable":true,"href":"https:\/\/www.walkinglugano.ch\/index.php?rest_route=%2Fwp%2Fv2%2Fcomments&post=456"}],"version-history":[{"count":61,"href":"https:\/\/www.walkinglugano.ch\/index.php?rest_route=\/wp\/v2\/pages\/456\/revisions"}],"predecessor-version":[{"id":4564,"href":"https:\/\/www.walkinglugano.ch\/index.php?rest_route=\/wp\/v2\/pages\/456\/revisions\/4564"}],"up":[{"embeddable":true,"href":"https:\/\/www.walkinglugano.ch\/index.php?rest_route=\/wp\/v2\/pages\/447"}],"wp:attachment":[{"href":"https:\/\/www.walkinglugano.ch\/index.php?rest_route=%2Fwp%2Fv2%2Fmedia&parent=456"}],"curies":[{"name":"wp","href":"https:\/\/api.w.org\/{rel}","templated":true}]}}