{"id":424,"date":"2017-11-17T07:50:31","date_gmt":"2017-11-17T07:50:31","guid":{"rendered":"http:\/\/www2.walkinglugano.ch\/?page_id=424"},"modified":"2024-12-10T13:32:38","modified_gmt":"2024-12-10T13:32:38","slug":"infrastrukturen-und-dienstleistungen","status":"publish","type":"page","link":"https:\/\/www.walkinglugano.ch\/?page_id=424&lang=de","title":{"rendered":"Infrastrukturen und Dienstleistungen"},"content":{"rendered":"<p><strong>Village des Events<br \/>\n<\/strong>Das Village der Veranstaltung befindet sich auf der Piazza Manzoni \/ Riforma.<\/p>\n<hr \/>\n<p><strong>Taschenaufbewahrung \/ Umkleider\u00e4ume<\/strong><\/p>\n<p>Auf der Piazza Manzoni (Lugano) gibt es ein Zelt f\u00fcr die Taschenaufbewahrung (unbeaufsichtigt).<\/p>\n<p>F\u00fcr die Ausgabe 2025 stehen keine Umkleider\u00e4ume mit Duschen zur Verf\u00fcgung.<\/p>\n<hr \/>\n<p><strong>Verpflegung<\/strong><strong><br \/>\n<\/strong>Entlang der Strecke und am Ziel sind Verpflegungsposten eingerichtet.<\/p>\n<hr \/>\n<p><strong>Parkpl\u00e4tze<\/strong><\/p>\n<ul>\n<li>Parkpl\u00e4tze und Parkh\u00e4user (gegen Geb\u00fchr) sind im Stadtplan vermerkt.<\/li>\n<li>Von den Parkpl\u00e4tzen sind der\u00a0Start\/Ziel-Bereich und die Umkleider\u00e4ume einfach in 10 Minuten zu Fuss erreichbar.<\/li>\n<li>Blaue Zone Stadtzentrum: Sonntags sind die Parkpl\u00e4tze in dieser Zone frei verf\u00fcgbar.<\/li>\n<\/ul>\n<hr \/>\n<p><strong>Verpflegung<\/strong><\/p>\n<p>Bereich food (Stand oder food truck) im Village des Events.<\/p>\n","protected":false},"excerpt":{"rendered":"<p><a class=\"read-more\" href=\"https:\/\/www.walkinglugano.ch\/?page_id=424&#038;lang=de\">Info<\/a><\/p>\n","protected":false},"author":2,"featured_media":0,"parent":422,"menu_order":0,"comment_status":"closed","ping_status":"closed","template":"","meta":{"footnotes":""},"class_list":["post-424","page","type-page","status-publish","hentry"],"_links":{"self":[{"href":"https:\/\/www.walkinglugano.ch\/index.php?rest_route=\/wp\/v2\/pages\/424","targetHints":{"allow":["GET"]}}],"collection":[{"href":"https:\/\/www.walkinglugano.ch\/index.php?rest_route=\/wp\/v2\/pages"}],"about":[{"href":"https:\/\/www.walkinglugano.ch\/index.php?rest_route=\/wp\/v2\/types\/page"}],"author":[{"embeddable":true,"href":"https:\/\/www.walkinglugano.ch\/index.php?rest_route=\/wp\/v2\/users\/2"}],"replies":[{"embeddable":true,"href":"https:\/\/www.walkinglugano.ch\/index.php?rest_route=%2Fwp%2Fv2%2Fcomments&post=424"}],"version-history":[{"count":11,"href":"https:\/\/www.walkinglugano.ch\/index.php?rest_route=\/wp\/v2\/pages\/424\/revisions"}],"predecessor-version":[{"id":4074,"href":"https:\/\/www.walkinglugano.ch\/index.php?rest_route=\/wp\/v2\/pages\/424\/revisions\/4074"}],"up":[{"embeddable":true,"href":"https:\/\/www.walkinglugano.ch\/index.php?rest_route=\/wp\/v2\/pages\/422"}],"wp:attachment":[{"href":"https:\/\/www.walkinglugano.ch\/index.php?rest_route=%2Fwp%2Fv2%2Fmedia&parent=424"}],"curies":[{"name":"wp","href":"https:\/\/api.w.org\/{rel}","templated":true}]}}