{"id":420,"date":"2017-11-17T07:48:12","date_gmt":"2017-11-17T07:48:12","guid":{"rendered":"http:\/\/www2.walkinglugano.ch\/?page_id=420"},"modified":"2026-01-22T07:32:48","modified_gmt":"2026-01-22T07:32:48","slug":"organisation","status":"publish","type":"page","link":"https:\/\/www.walkinglugano.ch\/?page_id=420&lang=de","title":{"rendered":"Organisation"},"content":{"rendered":"\n<p><strong>Organisator<\/strong><br> Associazione Walking Lugano<br><strong><br><br>Partner<\/strong><br>SC\u00a0Marketing Consult<br><a href=\"http:\/\/www.sc-marketing.ch\/\" target=\"_blank\" rel=\"noopener\">www.sc-marketing.ch\u00a0<\/a><\/p>\n\n\n\n<p><strong><br><br>Mit der Unterst\u00fctzung von<br><\/strong>Societ\u00e0 Atletica Lugano<br> Dicastero Sport Citt\u00e0 di Lugano<br> Lugano Turismo<br> Polizia Citt\u00e0 di Lugano<br> Dicastero Servizi urbani Citt\u00e0 di Lugano<br> Sotell Lugano<\/p>\n","protected":false},"excerpt":{"rendered":"<p><a class=\"read-more\" href=\"https:\/\/www.walkinglugano.ch\/?page_id=420&#038;lang=de\">Info<\/a><\/p>\n","protected":false},"author":2,"featured_media":0,"parent":422,"menu_order":0,"comment_status":"closed","ping_status":"closed","template":"","meta":{"footnotes":""},"class_list":["post-420","page","type-page","status-publish","hentry"],"_links":{"self":[{"href":"https:\/\/www.walkinglugano.ch\/index.php?rest_route=\/wp\/v2\/pages\/420","targetHints":{"allow":["GET"]}}],"collection":[{"href":"https:\/\/www.walkinglugano.ch\/index.php?rest_route=\/wp\/v2\/pages"}],"about":[{"href":"https:\/\/www.walkinglugano.ch\/index.php?rest_route=\/wp\/v2\/types\/page"}],"author":[{"embeddable":true,"href":"https:\/\/www.walkinglugano.ch\/index.php?rest_route=\/wp\/v2\/users\/2"}],"replies":[{"embeddable":true,"href":"https:\/\/www.walkinglugano.ch\/index.php?rest_route=%2Fwp%2Fv2%2Fcomments&post=420"}],"version-history":[{"count":3,"href":"https:\/\/www.walkinglugano.ch\/index.php?rest_route=\/wp\/v2\/pages\/420\/revisions"}],"predecessor-version":[{"id":4568,"href":"https:\/\/www.walkinglugano.ch\/index.php?rest_route=\/wp\/v2\/pages\/420\/revisions\/4568"}],"up":[{"embeddable":true,"href":"https:\/\/www.walkinglugano.ch\/index.php?rest_route=\/wp\/v2\/pages\/422"}],"wp:attachment":[{"href":"https:\/\/www.walkinglugano.ch\/index.php?rest_route=%2Fwp%2Fv2%2Fmedia&parent=420"}],"curies":[{"name":"wp","href":"https:\/\/api.w.org\/{rel}","templated":true}]}}