{"id":22,"date":"2017-10-24T11:22:42","date_gmt":"2017-10-24T11:22:42","guid":{"rendered":"http:\/\/www2.walkinglugano.ch\/?page_id=22"},"modified":"2025-09-24T08:01:14","modified_gmt":"2025-09-24T08:01:14","slug":"informazioni","status":"publish","type":"page","link":"https:\/\/www.walkinglugano.ch\/?page_id=22","title":{"rendered":"INFO"},"content":{"rendered":"\n<p>Raiffeisen Walking Lugano \u00e8 una manifestazione popolare che intende promuovere la&nbsp;salute, il movimento e la regione di Lugano. \u00c8 un evento aperto al pubblico di ogni et\u00e0, sesso ed allenamento.<\/p>\n\n\n\n<p>L&#8217;evento prevede una vasta scelta di percorsi walking e nordic walking non competitivi che si snodano nelle pi\u00f9 belle regioni di Lugano di diverse difficolt\u00e0 e distanze e adatti ad ogni livello.<\/p>\n\n\n\n<p>Per i corridori vi \u00e8 la proposta di un tracciato competitivo: il Br\u00e8 City Trail (18.1 km e 700 m di salita). <\/p>\n\n\n\n<p><\/p>\n","protected":false},"excerpt":{"rendered":"<p><a class=\"read-more\" href=\"https:\/\/www.walkinglugano.ch\/?page_id=22\">Info<\/a><\/p>\n","protected":false},"author":2,"featured_media":0,"parent":0,"menu_order":0,"comment_status":"closed","ping_status":"closed","template":"","meta":{"footnotes":""},"class_list":["post-22","page","type-page","status-publish","hentry"],"_links":{"self":[{"href":"https:\/\/www.walkinglugano.ch\/index.php?rest_route=\/wp\/v2\/pages\/22","targetHints":{"allow":["GET"]}}],"collection":[{"href":"https:\/\/www.walkinglugano.ch\/index.php?rest_route=\/wp\/v2\/pages"}],"about":[{"href":"https:\/\/www.walkinglugano.ch\/index.php?rest_route=\/wp\/v2\/types\/page"}],"author":[{"embeddable":true,"href":"https:\/\/www.walkinglugano.ch\/index.php?rest_route=\/wp\/v2\/users\/2"}],"replies":[{"embeddable":true,"href":"https:\/\/www.walkinglugano.ch\/index.php?rest_route=%2Fwp%2Fv2%2Fcomments&post=22"}],"version-history":[{"count":9,"href":"https:\/\/www.walkinglugano.ch\/index.php?rest_route=\/wp\/v2\/pages\/22\/revisions"}],"predecessor-version":[{"id":4300,"href":"https:\/\/www.walkinglugano.ch\/index.php?rest_route=\/wp\/v2\/pages\/22\/revisions\/4300"}],"wp:attachment":[{"href":"https:\/\/www.walkinglugano.ch\/index.php?rest_route=%2Fwp%2Fv2%2Fmedia&parent=22"}],"curies":[{"name":"wp","href":"https:\/\/api.w.org\/{rel}","templated":true}]}}